{"id":6,"date":"2022-03-21T14:56:58","date_gmt":"2022-03-21T13:56:58","guid":{"rendered":"https:\/\/www.dierenartslaakkwartier.nl\/privacy-statement\/"},"modified":"2022-06-20T11:45:24","modified_gmt":"2022-06-20T09:45:24","slug":"oswiadczenie-o-ochronie-prywatnosci","status":"publish","type":"page","link":"https:\/\/www.dierenartslaakkwartier.nl\/pl\/privacy-verklaring\/","title":{"rendered":"O\u015bwiadczenie o ochronie prywatno\u015bci"},"content":{"rendered":"<p><span class=\"praktijkName\">Praktyka weterynaryjna Laakkwartier<\/span>\u00a0wykorzystuje dane pacjent\u00f3w tylko do cel\u00f3w, dla kt\u00f3rych dane zosta\u0142y zapisane.\u00a0<span class=\"praktijkName\">Praktyka weterynaryjna Laakkwartier<\/span>\u00a0nie udost\u0119pnia danych pacjent\u00f3w osobom trzecim, chyba \u017ce jest to konieczne ze wzgl\u0119du na cel przechowywania.\u00a0<span class=\"praktijkName\">Praktyka weterynaryjna Laakkwartier<\/span>\u00a0nie przechowuje danych pacjent\u00f3w d\u0142u\u017cej ni\u017c jest to konieczne ze wzgl\u0119du na cel przechowywania danych.\u00a0<span class=\"praktijkName\">Praktyka weterynaryjna Laakkwartier<\/span>\u00a0zabezpieczy\u0107 dane pacjent\u00f3w przed nieuprawnionym dost\u0119pem za pomoc\u0105 wszelkich \u015brodk\u00f3w i sposob\u00f3w.\u00a0<span class=\"praktijkName\">Praktyka weterynaryjna Laakkwartier<\/span>\u00a0uzyskuje zgod\u0119 pacjent\u00f3w na przechowywanie danych osobowych, je\u017celi s\u0105\u00a0<em>nie<\/em>\u00a0zosta\u0142a zawarta umowa o leczenie.\u00a0<span class=\"praktijkName\">Praktyka weterynaryjna Laakkwartier<\/span>\u00a0informuje pacjent\u00f3w o przys\u0142uguj\u0105cych im prawach w odniesieniu do ich danych osobowych.\u00a0<span class=\"praktijkName\">Praktyka weterynaryjna Laakkwartier<\/span>\u00a0informuje swoich pacjent\u00f3w o celu przetwarzania danych osobowych.\u00a0<span class=\"praktijkName\">Praktyka weterynaryjna Laakkwartier<\/span>\u00a0informuje pacjent\u00f3w, je\u015bli\u00a0<span class=\"praktijkName\">Praktyka weterynaryjna Laakkwartier<\/span>\u00a0b\u0119dzie wykonywa\u0142 specjalne operacje z danymi osobowymi.<\/p>","protected":false},"excerpt":{"rendered":"<p>Chirurgia Weterynaryjna Laakkwartier wykorzystuje dane pacjent\u00f3w wy\u0142\u0105cznie w celu, w jakim s\u0105 one przechowywane. Praktyka weterynaryjna Laakkwartier nie udost\u0119pnia danych pacjent\u00f3w osobom trzecim, chyba \u017ce jest to niezb\u0119dne do cel\u00f3w przechowywania danych. Praktyka weterynaryjna Laakkwartier nie przechowuje danych pacjent\u00f3w d\u0142u\u017cej ni\u017c jest to konieczne do cel\u00f3w przechowywania danych. Praktyka weterynaryjna Laakkwartier zabezpiecza dane pacjent\u00f3w przed nieuprawnionym dost\u0119pem za pomoc\u0105 wszelkich mo\u017cliwych \u015brodk\u00f3w i dzia\u0142a\u0144. Praktyka weterynaryjna Laakkwartier prosi o zgod\u0119... <a class=\"read-more\" href=\"https:\/\/www.dierenartslaakkwartier.nl\/pl\/privacy-verklaring\/\"><\/a><\/p>","protected":false},"author":3,"featured_media":0,"parent":0,"menu_order":0,"comment_status":"closed","ping_status":"closed","template":"","meta":{"_acf_changed":false,"footnotes":""},"class_list":["post-6","page","type-page","status-publish","hentry"],"acf":[],"yoast_head":"<!-- This site is optimized with the Yoast SEO plugin v27.4 - https:\/\/yoast.com\/product\/yoast-seo-wordpress\/ -->\n<title>Privacy statement - DAP Laakkwartier<\/title>\n<meta name=\"description\" content=\"Dierenartsenpraktijk Laakkwartier\u00a0gebruikt pati\u00ebntengegevens alleen voor het doel waarvoor de gegevens zijn opgeslagen.\u00a0Dierenartsenpraktijk\" \/>\n<meta name=\"robots\" content=\"index, follow, max-snippet:-1, max-image-preview:large, max-video-preview:-1\" \/>\n<link rel=\"canonical\" href=\"https:\/\/www.dierenartslaakkwartier.nl\/pl\/oswiadczenie-o-ochronie-prywatnosci\/\" \/>\n<meta property=\"og:locale\" content=\"pl_PL\" \/>\n<meta property=\"og:type\" content=\"article\" \/>\n<meta property=\"og:title\" content=\"Privacy statement - DAP Laakkwartier\" \/>\n<meta property=\"og:description\" content=\"Dierenartsenpraktijk Laakkwartier\u00a0gebruikt pati\u00ebntengegevens alleen voor het doel waarvoor de gegevens zijn opgeslagen.\u00a0Dierenartsenpraktijk\" \/>\n<meta property=\"og:url\" content=\"https:\/\/www.dierenartslaakkwartier.nl\/pl\/oswiadczenie-o-ochronie-prywatnosci\/\" \/>\n<meta property=\"og:site_name\" content=\"DAP Laakkwartier\" \/>\n<meta property=\"article:modified_time\" content=\"2022-06-20T09:45:24+00:00\" \/>\n<meta name=\"twitter:card\" content=\"summary_large_image\" \/>\n<meta name=\"twitter:label1\" content=\"Szacowany czas czytania\" \/>\n\t<meta name=\"twitter:data1\" content=\"1 minuta\" \/>\n<script type=\"application\/ld+json\" class=\"yoast-schema-graph\">{\"@context\":\"https:\\\/\\\/schema.org\",\"@graph\":[{\"@type\":\"WebPage\",\"@id\":\"https:\\\/\\\/www.dierenartslaakkwartier.nl\\\/privacy-verklaring\\\/\",\"url\":\"https:\\\/\\\/www.dierenartslaakkwartier.nl\\\/privacy-verklaring\\\/\",\"name\":\"Privacy statement - DAP Laakkwartier\",\"isPartOf\":{\"@id\":\"https:\\\/\\\/www.dierenartslaakkwartier.nl\\\/#website\"},\"datePublished\":\"2022-03-21T13:56:58+00:00\",\"dateModified\":\"2022-06-20T09:45:24+00:00\",\"description\":\"Dierenartsenpraktijk Laakkwartier\u00a0gebruikt pati\u00ebntengegevens alleen voor het doel waarvoor de gegevens zijn opgeslagen.\u00a0Dierenartsenpraktijk\",\"breadcrumb\":{\"@id\":\"https:\\\/\\\/www.dierenartslaakkwartier.nl\\\/privacy-verklaring\\\/#breadcrumb\"},\"inLanguage\":\"pl-PL\",\"potentialAction\":[{\"@type\":\"ReadAction\",\"target\":[\"https:\\\/\\\/www.dierenartslaakkwartier.nl\\\/privacy-verklaring\\\/\"]}]},{\"@type\":\"BreadcrumbList\",\"@id\":\"https:\\\/\\\/www.dierenartslaakkwartier.nl\\\/privacy-verklaring\\\/#breadcrumb\",\"itemListElement\":[{\"@type\":\"ListItem\",\"position\":1,\"name\":\"Home\",\"item\":\"https:\\\/\\\/www.dierenartslaakkwartier.nl\\\/\"},{\"@type\":\"ListItem\",\"position\":2,\"name\":\"Privacy statement\"}]},{\"@type\":\"WebSite\",\"@id\":\"https:\\\/\\\/www.dierenartslaakkwartier.nl\\\/#website\",\"url\":\"https:\\\/\\\/www.dierenartslaakkwartier.nl\\\/\",\"name\":\"DAP Laakkwartier\",\"description\":\"\",\"potentialAction\":[{\"@type\":\"SearchAction\",\"target\":{\"@type\":\"EntryPoint\",\"urlTemplate\":\"https:\\\/\\\/www.dierenartslaakkwartier.nl\\\/?s={search_term_string}\"},\"query-input\":{\"@type\":\"PropertyValueSpecification\",\"valueRequired\":true,\"valueName\":\"search_term_string\"}}],\"inLanguage\":\"pl-PL\"}]}<\/script>\n<!-- \/ Yoast SEO plugin. -->","yoast_head_json":{"title":"O\u015bwiadczenie o ochronie prywatno\u015bci - DAP Laakkwartier","description":"Chirurgia Weterynaryjna Laakkwartier wykorzystuje dane pacjent\u00f3w wy\u0142\u0105cznie w celu, w jakim s\u0105 one przechowywane. Weryfikacja","robots":{"index":"index","follow":"follow","max-snippet":"max-snippet:-1","max-image-preview":"max-image-preview:large","max-video-preview":"max-video-preview:-1"},"canonical":"https:\/\/www.dierenartslaakkwartier.nl\/pl\/oswiadczenie-o-ochronie-prywatnosci\/","og_locale":"pl_PL","og_type":"article","og_title":"Privacy statement - DAP Laakkwartier","og_description":"Dierenartsenpraktijk Laakkwartier\u00a0gebruikt pati\u00ebntengegevens alleen voor het doel waarvoor de gegevens zijn opgeslagen.\u00a0Dierenartsenpraktijk","og_url":"https:\/\/www.dierenartslaakkwartier.nl\/pl\/oswiadczenie-o-ochronie-prywatnosci\/","og_site_name":"DAP Laakkwartier","article_modified_time":"2022-06-20T09:45:24+00:00","twitter_card":"summary_large_image","twitter_misc":{"Szacowany czas czytania":"1 minuta"},"schema":{"@context":"https:\/\/schema.org","@graph":[{"@type":"WebPage","@id":"https:\/\/www.dierenartslaakkwartier.nl\/privacy-verklaring\/","url":"https:\/\/www.dierenartslaakkwartier.nl\/privacy-verklaring\/","name":"O\u015bwiadczenie o ochronie prywatno\u015bci - DAP Laakkwartier","isPartOf":{"@id":"https:\/\/www.dierenartslaakkwartier.nl\/#website"},"datePublished":"2022-03-21T13:56:58+00:00","dateModified":"2022-06-20T09:45:24+00:00","description":"Chirurgia Weterynaryjna Laakkwartier wykorzystuje dane pacjent\u00f3w wy\u0142\u0105cznie w celu, w jakim s\u0105 one przechowywane. Weryfikacja","breadcrumb":{"@id":"https:\/\/www.dierenartslaakkwartier.nl\/privacy-verklaring\/#breadcrumb"},"inLanguage":"pl-PL","potentialAction":[{"@type":"ReadAction","target":["https:\/\/www.dierenartslaakkwartier.nl\/privacy-verklaring\/"]}]},{"@type":"BreadcrumbList","@id":"https:\/\/www.dierenartslaakkwartier.nl\/privacy-verklaring\/#breadcrumb","itemListElement":[{"@type":"ListItem","position":1,"name":"Home","item":"https:\/\/www.dierenartslaakkwartier.nl\/"},{"@type":"ListItem","position":2,"name":"Privacy statement"}]},{"@type":"WebSite","@id":"https:\/\/www.dierenartslaakkwartier.nl\/#website","url":"https:\/\/www.dierenartslaakkwartier.nl\/","name":"DAP Laakkwartier","description":"","potentialAction":[{"@type":"SearchAction","target":{"@type":"EntryPoint","urlTemplate":"https:\/\/www.dierenartslaakkwartier.nl\/?s={search_term_string}"},"query-input":{"@type":"PropertyValueSpecification","valueRequired":true,"valueName":"search_term_string"}}],"inLanguage":"pl-PL"}]}},"_links":{"self":[{"href":"https:\/\/www.dierenartslaakkwartier.nl\/pl\/wp-json\/wp\/v2\/pages\/6","targetHints":{"allow":["GET"]}}],"collection":[{"href":"https:\/\/www.dierenartslaakkwartier.nl\/pl\/wp-json\/wp\/v2\/pages"}],"about":[{"href":"https:\/\/www.dierenartslaakkwartier.nl\/pl\/wp-json\/wp\/v2\/types\/page"}],"author":[{"embeddable":true,"href":"https:\/\/www.dierenartslaakkwartier.nl\/pl\/wp-json\/wp\/v2\/users\/3"}],"replies":[{"embeddable":true,"href":"https:\/\/www.dierenartslaakkwartier.nl\/pl\/wp-json\/wp\/v2\/comments?post=6"}],"version-history":[{"count":0,"href":"https:\/\/www.dierenartslaakkwartier.nl\/pl\/wp-json\/wp\/v2\/pages\/6\/revisions"}],"wp:attachment":[{"href":"https:\/\/www.dierenartslaakkwartier.nl\/pl\/wp-json\/wp\/v2\/media?parent=6"}],"curies":[{"name":"wp","href":"https:\/\/api.w.org\/{rel}","templated":true}]}}